{"id":16621,"date":"2023-07-25T19:38:59","date_gmt":"2023-07-25T19:38:59","guid":{"rendered":"https:\/\/www.dokuflex.com\/?page_id=16621"},"modified":"2023-07-25T19:38:59","modified_gmt":"2023-07-25T19:38:59","slug":"la-caixa","status":"publish","type":"page","link":"https:\/\/www.dokuflex.com\/en\/la-caixa\/","title":{"rendered":"La Caixa"},"content":{"rendered":"<section class=\"l-section wpb_row height_huge full_height valign_center color_primary with_img\"><div class=\"l-section-img\" style=\"background-image: url(https:\/\/www.dokuflex.com\/wp-content\/uploads\/2021\/10\/bg_productos_ft_dw.png);background-position: top center;background-repeat: no-repeat;\" data-img-width=\"1420\" data-img-height=\"509\"><\/div><div class=\"l-section-h i-cf\"><div class=\"g-cols via_flex valign_middle type_default\"><div class=\"vc_col-sm-6 wpb_column vc_column_container\"><div class=\"vc_column-inner\"><div class=\"wpb_wrapper\"><div class=\"wpb_text_column us_custom_0490361b\"><div class=\"wpb_wrapper\"><p>LA CAIXABANK PAYMENTS &amp; CONSUMER<\/p>\n<\/div><\/div>[vc_custom_heading text=&#8221;Banking Sector&#8221; font_container=&#8221;tag:h1|text_align:left&#8221; use_theme_fonts=&#8221;yes&#8221;]<div class=\"wpb_text_column us_custom_a5c88937\"><div class=\"wpb_wrapper\"><p>CaixaBank created its digital processes on the platform<br \/>\nDokuflex BPM. Integrated with each process, CaixaBank<br \/>\nuse forms to collect and manage information and the Dokuflex document manager to have control and traceability of all your documentation<\/p>\n<\/div><\/div><div class=\"w-separator size_medium\"><\/div><div class=\"wpb_text_column\"><div class=\"wpb_wrapper\"><p>PLATAFORMA BPM<\/p>\n<\/div><\/div><\/div><\/div><\/div><div class=\"vc_col-sm-6 wpb_column vc_column_container\"><div class=\"vc_column-inner\"><div class=\"wpb_wrapper\"><div class=\"w-image align_center\"><div class=\"w-image-h\"><img decoding=\"async\" width=\"300\" height=\"100\" src=\"https:\/\/www.dokuflex.com\/wp-content\/uploads\/2021\/12\/caixa.png\" class=\"attachment-full size-full\" alt=\"caixa\" srcset=\"https:\/\/www.dokuflex.com\/wp-content\/uploads\/2021\/12\/caixa.png 300w, https:\/\/www.dokuflex.com\/wp-content\/uploads\/2021\/12\/caixa-100x33.png 100w\" sizes=\"(max-width: 300px) 100vw, 300px\" \/><\/div><\/div><\/div><\/div><\/div><\/div><\/div><\/section><section class=\"l-section wpb_row height_medium\"><div class=\"l-section-h i-cf\"><div class=\"g-cols via_flex valign_middle type_default\"><div class=\"vc_col-sm-6 wpb_column vc_column_container\"><div class=\"vc_column-inner\"><div class=\"wpb_wrapper\"><div class=\"wpb_text_column us_custom_0490361b\"><div class=\"wpb_wrapper\"><p>SOBRE LA EMPRESA<\/p>\n<\/div><\/div>[vc_custom_heading text=&#8221;Mutua&#8221; font_container=&#8221;tag:h4|text_align:left&#8221; use_theme_fonts=&#8221;yes&#8221;]<div class=\"wpb_text_column us_custom_a5c88937\"><div class=\"wpb_wrapper\"><p>Mutua Terrassa se dedica a la atenci\u00f3n sanitaria en distintas<br \/>\n\u00e1reas de actividad: atenci\u00f3n primaria, atenci\u00f3n<br \/>\nsociosanitaria, gesti\u00f3n de residencias y atenci\u00f3n a ancianos<br \/>\ny cuidado y hospitalizaci\u00f3n de enfermos agudos<\/p>\n<\/div><\/div>[vc_custom_heading text=&#8221;1.000 &#8211; 5.000 empleados&#8221; font_container=&#8221;tag:h4|text_align:left&#8221; use_theme_fonts=&#8221;yes&#8221;]<div class=\"wpb_text_column\"><div class=\"wpb_wrapper\"><p>HTTP:\/\/WWW.MUTUATERRASSA.ES<\/p>\n<\/div><\/div><\/div><\/div><\/div><div class=\"vc_col-sm-6 wpb_column vc_column_container\"><div class=\"vc_column-inner\"><div class=\"wpb_wrapper\"><div class=\"w-image align_center\"><div class=\"w-image-h\"><img decoding=\"async\" width=\"300\" height=\"100\" src=\"https:\/\/www.dokuflex.com\/wp-content\/uploads\/2021\/12\/caixa.png\" class=\"attachment-full size-full\" alt=\"caixa\" srcset=\"https:\/\/www.dokuflex.com\/wp-content\/uploads\/2021\/12\/caixa.png 300w, https:\/\/www.dokuflex.com\/wp-content\/uploads\/2021\/12\/caixa-100x33.png 100w\" sizes=\"(max-width: 300px) 100vw, 300px\" \/><\/div><\/div><\/div><\/div><\/div><\/div><\/div><\/section><section class=\"l-section wpb_row height_medium\"><div class=\"l-section-h i-cf\"><div class=\"g-cols via_flex valign_top type_default\"><div class=\"vc_col-sm-6 wpb_column vc_column_container\"><div class=\"vc_column-inner\"><div class=\"wpb_wrapper\"><div class=\"wpb_text_column us_custom_0490361b\"><div class=\"wpb_wrapper\"><p>PROBLEMA<\/p>\n<\/div><\/div>[vc_custom_heading text=&#8221;Gesti\u00f3n de documentos&#8221; font_container=&#8221;tag:h4|text_align:left&#8221; use_theme_fonts=&#8221;yes&#8221;]<div class=\"wpb_text_column us_custom_a5c88937\"><div class=\"wpb_wrapper\"><p>Mutua Terrassa ten\u00eda dificultad a la hora de gestionar la<br \/>\ngran cantidad de documentos resultantes de sus<br \/>\noperaciones relacionadas con casos de pacientes y<br \/>\npruebas diagn\u00f3sticas. Sus empleados gastaban infinidad<br \/>\nde horas intentando acceder a la informaci\u00f3n necesaria<br \/>\nusando diferentes plataformas y en algunos casos los<br \/>\ndocumentos simplemente no estaban disponibles. Mutua<br \/>\nnecesitaba un sistema con un indexado potente y f\u00e1cil de<br \/>\nusar, y un control de la trazabilidad de cada documento y<br \/>\ncon roles con distintos niveles de acceso.<\/p>\n<\/div><\/div><\/div><\/div><\/div><div class=\"vc_col-sm-6 wpb_column vc_column_container\"><div class=\"vc_column-inner\"><div class=\"wpb_wrapper\"><div class=\"wpb_text_column us_custom_0490361b\"><div class=\"wpb_wrapper\"><p>SOLUCI\u00d3N<\/p>\n<\/div><\/div>[vc_custom_heading text=&#8221;Plataforma BPM&#8221; font_container=&#8221;tag:h4|text_align:left&#8221; use_theme_fonts=&#8221;yes&#8221;]<div class=\"wpb_text_column us_custom_a5c88937\"><div class=\"wpb_wrapper\"><p>Mutua Terrassa creo sus procesos digitales en la<br \/>\nplataforma BPM de Dokuflex. Integrados con cada<br \/>\nproceso, Mutua Terrasa utiliza formularios para recoger<br \/>\nxxxx y el gestor documental de Dokuflex para xxx<br \/>\nDatos clave:<\/p>\n<\/div><\/div><div class=\"w-iconbox us_custom_064d3121 iconpos_left style_circle color_custom align_none no_text\"><div class=\"w-iconbox-icon\" style=\"font-size:1.0rem;background:var(--color-header-middle-text-hover);color:var(--color-header-middle-bg);\"><i class=\"fas fa-check\"><\/i><\/div><div class=\"w-iconbox-meta\"><p class=\"w-iconbox-title\" style=\"font-size:20px;\">Lorem ipsum lorem<\/p><\/div><\/div><div class=\"w-separator size_custom\" style=\"height:10px\"><\/div><div class=\"w-iconbox us_custom_064d3121 iconpos_left style_circle color_custom align_none no_text\"><div class=\"w-iconbox-icon\" style=\"font-size:1.0rem;background:var(--color-header-middle-text-hover);color:var(--color-header-middle-bg);\"><i class=\"fas fa-check\"><\/i><\/div><div class=\"w-iconbox-meta\"><p class=\"w-iconbox-title\" style=\"font-size:20px;\">Lorem ipsum lorem<\/p><\/div><\/div><div class=\"w-separator size_custom\" style=\"height:10px\"><\/div><div class=\"w-iconbox us_custom_064d3121 iconpos_left style_circle color_custom align_none no_text\"><div class=\"w-iconbox-icon\" style=\"font-size:1.0rem;background:var(--color-header-middle-text-hover);color:var(--color-header-middle-bg);\"><i class=\"fas fa-check\"><\/i><\/div><div class=\"w-iconbox-meta\"><p class=\"w-iconbox-title\" style=\"font-size:20px;\">Lorem ipsum lorem<\/p><\/div><\/div><\/div><\/div><\/div><\/div><\/div><\/section>\n","protected":false},"excerpt":{"rendered":"LA CAIXABANK PAYMENTS &amp; CONSUMER [vc_custom_heading text=\"Banking Sector\" font_container=\"tag:h1|text_align:left\" use_theme_fonts=\"yes\"]CaixaBank created its digital processes on the platform Dokuflex BPM. Integrated with each process, CaixaBank use forms to collect and manage information and the Dokuflex document manager to have control and traceability of all your documentation PLATAFORMA BPM SOBRE LA EMPRESA [vc_custom_heading text=\"Mutua\" font_container=\"tag:h4|text_align:left\" use_theme_fonts=\"yes\"]Mutua Terrassa...","protected":false},"author":15,"featured_media":0,"parent":0,"menu_order":0,"comment_status":"closed","ping_status":"closed","template":"","meta":{"footnotes":""},"class_list":["post-16621","page","type-page","status-publish","hentry"],"_links":{"self":[{"href":"https:\/\/www.dokuflex.com\/en\/wp-json\/wp\/v2\/pages\/16621\/"}],"collection":[{"href":"https:\/\/www.dokuflex.com\/en\/wp-json\/wp\/v2\/pages\/"}],"about":[{"href":"https:\/\/www.dokuflex.com\/en\/wp-json\/wp\/v2\/types\/page\/"}],"author":[{"embeddable":true,"href":"https:\/\/www.dokuflex.com\/en\/wp-json\/wp\/v2\/users\/15\/"}],"replies":[{"embeddable":true,"href":"https:\/\/www.dokuflex.com\/en\/wp-json\/wp\/v2\/comments\/?post=16621"}],"version-history":[{"count":2,"href":"https:\/\/www.dokuflex.com\/en\/wp-json\/wp\/v2\/pages\/16621\/revisions\/"}],"predecessor-version":[{"id":16623,"href":"https:\/\/www.dokuflex.com\/en\/wp-json\/wp\/v2\/pages\/16621\/revisions\/16623\/"}],"wp:attachment":[{"href":"https:\/\/www.dokuflex.com\/en\/wp-json\/wp\/v2\/media\/?parent=16621"}],"curies":[{"name":"wp","href":"https:\/\/api.w.org\/{rel}","templated":true}]}}